{"id":34,"date":"2025-12-17T21:00:54","date_gmt":"2025-12-18T03:00:54","guid":{"rendered":"https:\/\/mayto.com\/shop\/?post_type=product&#038;p=34"},"modified":"2026-01-18T18:40:31","modified_gmt":"2026-01-19T00:40:31","slug":"pulsera-astral-personalizada-oro-solido-14k","status":"publish","type":"product","link":"https:\/\/mayto.com\/shop\/product\/pulsera-astral-personalizada-oro-solido-14k\/","title":{"rendered":"Pulsera Urania Sol &#8211; Oro S\u00f3lido 14K"},"content":{"rendered":"<div>\n<ul>\n<li style=\"text-align: left;\">\n<h4><span style=\"color: #3366ff;\"><a style=\"color: #3366ff;\" href=\"https:\/\/mayto.com\/shop\/guia-de-tallas\/\">Gu\u00eda de tallas<\/a><\/span><\/h4>\n<\/li>\n<li>\n<h4><span style=\"color: #3366ff;\"><a style=\"color: #3366ff;\" href=\"https:\/\/mayto.com\/guia_urania.pdf\">Descargar Gu\u00eda de tallas<\/a><\/span><\/h4>\n<\/li>\n<\/ul>\n<\/div>\n<div>Descargar<\/div>\n<div>\n<p>Proceso de Creaci\u00f3n de tu Pulsera Urania<\/p>\n<p>Cada pulsera Urania es tu carta astral hecha joya, dise\u00f1ada para llevar contigo tu cielo natal con sus 12 casas y todas tus posiciones astrol\u00f3gicas. Adem\u00e1s, incluye un estudio de gemoastrolog\u00eda personalizado, con la piedra que armoniza con tu energ\u00eda.<\/p>\n<p>1. Datos astrol\u00f3gicos<\/p>\n<p>Compartes tu fecha, hora y lugar de nacimiento para recrear tu carta astral, la fotograf\u00eda del cielo en el momento exacto en que naciste.<\/p>\n<p>2. Interpretaci\u00f3n astrol\u00f3gica<\/p>\n<p>Yo, Sof\u00eda Jim\u00e9nez, astr\u00f3loga, interpreto tu carta y la transformo en un dise\u00f1o \u00fanico, donde cada detalle de tu cielo natal se refleja en la pulsera.<\/p>\n<p>3. Gemoastrolog\u00eda<\/p>\n<p>Selecciono la piedra que potencia tu energ\u00eda seg\u00fan tu carta, integr\u00e1ndola con elegancia en la pulsera como un detalle exclusivo y armonizador.<\/p>\n<p>4. Dise\u00f1o personalizado<\/p>\n<p>Cada pulsera se elabora cuidadosamente, combinando tu carta astral f\u00edsica con tu piedra, creando una joya \u00fanica y exclusiva, que refleja tu esencia y acompa\u00f1a tu camino de vida.<\/p>\n<p>5. Entrega<\/p>\n<p>Tu pulsera Urania se env\u00eda en un estuche de lujo personalizado. El tiempo estimado de entrega es de 6 a 8 semanas, lista para convertirse en tu recordatorio diario de autenticidad y prop\u00f3sito.<\/p>\n<p>\u2e3b<\/p>\n<p>Urania es m\u00e1s que una pulsera: es tu carta astral convertida en joya, un reflejo de tu esencia y una gu\u00eda energ\u00e9tica creada especialmente por m\u00ed, Sof\u00eda Jim\u00e9nez.<\/p>\n<\/div>\n<div><\/div>\n<p>&nbsp;<\/p>\n<div><\/div>\n","protected":false},"excerpt":{"rendered":"<p>Gu\u00eda de tallas Descargar Gu\u00eda de tallas Descargar Proceso de Creaci\u00f3n de tu Pulsera Urania Cada pulsera Urania es tu carta astral hecha joya, dise\u00f1ada para llevar contigo tu cielo natal con sus 12 casas y todas tus posiciones astrol\u00f3gicas. Adem\u00e1s, incluye un estudio de gemoastrolog\u00eda personalizado, con la piedra que armoniza con tu energ\u00eda. [&hellip;]<\/p>\n","protected":false},"featured_media":300,"template":"","meta":[],"product_brand":[25],"product_cat":[24,17],"product_tag":[],"class_list":{"0":"post-34","1":"product","2":"type-product","3":"status-publish","4":"has-post-thumbnail","6":"product_brand-urania","7":"product_cat-bracelet","8":"product_cat-jewelry","10":"first","11":"instock","12":"purchasable","13":"product-type-variable"},"_links":{"self":[{"href":"https:\/\/mayto.com\/shop\/wp-json\/wp\/v2\/product\/34","targetHints":{"allow":["GET"]}}],"collection":[{"href":"https:\/\/mayto.com\/shop\/wp-json\/wp\/v2\/product"}],"about":[{"href":"https:\/\/mayto.com\/shop\/wp-json\/wp\/v2\/types\/product"}],"wp:featuredmedia":[{"embeddable":true,"href":"https:\/\/mayto.com\/shop\/wp-json\/wp\/v2\/media\/300"}],"wp:attachment":[{"href":"https:\/\/mayto.com\/shop\/wp-json\/wp\/v2\/media?parent=34"}],"wp:term":[{"taxonomy":"product_brand","embeddable":true,"href":"https:\/\/mayto.com\/shop\/wp-json\/wp\/v2\/product_brand?post=34"},{"taxonomy":"product_cat","embeddable":true,"href":"https:\/\/mayto.com\/shop\/wp-json\/wp\/v2\/product_cat?post=34"},{"taxonomy":"product_tag","embeddable":true,"href":"https:\/\/mayto.com\/shop\/wp-json\/wp\/v2\/product_tag?post=34"}],"curies":[{"name":"wp","href":"https:\/\/api.w.org\/{rel}","templated":true}]}}