{"id":430,"date":"2025-12-18T23:07:22","date_gmt":"2025-12-19T05:07:22","guid":{"rendered":"https:\/\/mayto.com\/shop\/?page_id=430"},"modified":"2025-12-18T23:48:00","modified_gmt":"2025-12-19T05:48:00","slug":"guia-de-tallas","status":"publish","type":"page","link":"https:\/\/mayto.com\/shop\/guia-de-tallas\/","title":{"rendered":"Gu\u00eda de tallas"},"content":{"rendered":"\n<p>PULSERAS URANIA<br>C\u00d3MO ELEGIR LA TALLA PERFECTA PARA TU PULSERA ASTROL\u00d3GICA<\/p>\n\n\n\n<p>Tu pulsera Urania no es solo una joya; es un reflejo de tu carta astral y un recordatorio diario de tu esencia. Para que se ajuste con armon\u00eda a tu energ\u00eda, te sugerimos estas dos formas de medir tu talla:<\/p>\n\n\n\n<ol class=\"wp-block-list\">\n<li>Usando otra pulsera como referencia<br>Elige una pulsera que te quede bien y col\u00f3cala en posici\u00f3n plana. Con una regla, mide la longitud desde la punta del cierre hasta el extremo opuesto. Anota la medida y elige tu pulsera Urania en la talla m\u00e1s cercana posible. As\u00ed asegurar\u00e1s un ajuste c\u00f3modo y elegante.<\/li>\n\n\n\n<li>Midiendo tu mu\u00f1eca directamente<br>Rodea tu mu\u00f1eca con una cinta m\u00e9trica en el lugar donde desees llevar tu pulsera Urania. Anota el punto donde la cinta alcanza el \u201c0\u201d. Para un ajuste c\u00f3modo, a\u00f1ade aproximadamente 1,5 cm. Si deseas que quede m\u00e1s ce\u00f1ida, a\u00f1ade 1 cm; si prefieres un ajuste m\u00e1s holgado, a\u00f1ade 2 cm.<\/li>\n<\/ol>\n\n\n\n<p>Cada pulsera Urania est\u00e1 dise\u00f1ada para acompa\u00f1arte con delicadeza, reflejando tu energ\u00eda y conect\u00e1ndote con tu huella digital del universo de manera sutil y elegante.<\/p>\n\n\n\n<p><\/p>\n","protected":false},"excerpt":{"rendered":"<p>PULSERAS URANIAC\u00d3MO ELEGIR LA TALLA PERFECTA PARA TU PULSERA ASTROL\u00d3GICA Tu pulsera Urania no es solo una joya; es un reflejo de tu carta astral y un recordatorio diario de tu esencia. Para que se ajuste con armon\u00eda a tu energ\u00eda, te sugerimos estas dos formas de medir tu talla: Cada pulsera Urania est\u00e1 dise\u00f1ada [&hellip;]<\/p>\n","protected":false},"author":1,"featured_media":0,"parent":0,"menu_order":0,"comment_status":"closed","ping_status":"closed","template":"","meta":{"footnotes":""},"class_list":["post-430","page","type-page","status-publish","hentry"],"_links":{"self":[{"href":"https:\/\/mayto.com\/shop\/wp-json\/wp\/v2\/pages\/430","targetHints":{"allow":["GET"]}}],"collection":[{"href":"https:\/\/mayto.com\/shop\/wp-json\/wp\/v2\/pages"}],"about":[{"href":"https:\/\/mayto.com\/shop\/wp-json\/wp\/v2\/types\/page"}],"author":[{"embeddable":true,"href":"https:\/\/mayto.com\/shop\/wp-json\/wp\/v2\/users\/1"}],"replies":[{"embeddable":true,"href":"https:\/\/mayto.com\/shop\/wp-json\/wp\/v2\/comments?post=430"}],"version-history":[{"count":2,"href":"https:\/\/mayto.com\/shop\/wp-json\/wp\/v2\/pages\/430\/revisions"}],"predecessor-version":[{"id":459,"href":"https:\/\/mayto.com\/shop\/wp-json\/wp\/v2\/pages\/430\/revisions\/459"}],"wp:attachment":[{"href":"https:\/\/mayto.com\/shop\/wp-json\/wp\/v2\/media?parent=430"}],"curies":[{"name":"wp","href":"https:\/\/api.w.org\/{rel}","templated":true}]}}