{"id":28,"date":"2025-12-17T23:03:06","date_gmt":"2025-12-18T05:03:06","guid":{"rendered":"https:\/\/mayto.com\/shop\/?page_id=28"},"modified":"2026-03-17T19:52:31","modified_gmt":"2026-03-18T01:52:31","slug":"urania","status":"publish","type":"page","link":"https:\/\/mayto.com\/shop\/urania\/","title":{"rendered":"urania"},"content":{"rendered":"\t\t<div data-elementor-type=\"wp-post\" data-elementor-id=\"28\" class=\"elementor elementor-28\" data-elementor-post-type=\"page\">\n\t\t\t\t<div class=\"elementor-element elementor-element-75d6788 e-flex e-con-boxed e-con e-parent\" data-id=\"75d6788\" data-element_type=\"container\">\n\t\t\t\t\t<div class=\"e-con-inner\">\n\t\t<div class=\"elementor-element elementor-element-a0add3a e-con-full e-flex e-con e-child\" data-id=\"a0add3a\" data-element_type=\"container\">\n\t\t\t\t<div class=\"elementor-element elementor-element-d57f358 elementor-widget elementor-widget-heading\" data-id=\"d57f358\" data-element_type=\"widget\" data-settings=\"{&quot;_animation_mobile&quot;:&quot;fadeInUp&quot;}\" data-widget_type=\"heading.default\">\n\t\t\t\t\t<h1 class=\"elementor-heading-title elementor-size-default\">Tu huella digital del universo<\/h1>\t\t\t\t<\/div>\n\t\t\t\t<div class=\"elementor-element elementor-element-7823c83 animated-slow elementor-invisible elementor-widget elementor-widget-image\" data-id=\"7823c83\" data-element_type=\"widget\" data-settings=\"{&quot;_animation&quot;:&quot;fadeInUp&quot;}\" data-widget_type=\"image.default\">\n\t\t\t\t\t\t\t\t\t\t\t\t\t\t\t<img fetchpriority=\"high\" decoding=\"async\" width=\"800\" height=\"316\" src=\"https:\/\/mayto.com\/shop\/wp-content\/uploads\/2025\/12\/logo-1-1024x405.png\" class=\"attachment-large size-large wp-image-138\" alt=\"\" srcset=\"https:\/\/mayto.com\/shop\/wp-content\/uploads\/2025\/12\/logo-1-1024x405.png 1024w, https:\/\/mayto.com\/shop\/wp-content\/uploads\/2025\/12\/logo-1-600x237.png 600w, https:\/\/mayto.com\/shop\/wp-content\/uploads\/2025\/12\/logo-1-300x119.png 300w, https:\/\/mayto.com\/shop\/wp-content\/uploads\/2025\/12\/logo-1-768x303.png 768w, https:\/\/mayto.com\/shop\/wp-content\/uploads\/2025\/12\/logo-1.png 1369w\" sizes=\"(max-width: 800px) 100vw, 800px\" \/>\t\t\t\t\t\t\t\t\t\t\t\t\t\t\t<\/div>\n\t\t\t\t<div class=\"elementor-element elementor-element-342bb33 animated-slow elementor-invisible elementor-widget elementor-widget-text-editor\" data-id=\"342bb33\" data-element_type=\"widget\" data-settings=\"{&quot;_animation&quot;:&quot;fadeInUp&quot;}\" data-widget_type=\"text-editor.default\">\n\t\t\t\t\t\t\t\t\t<p>Bienvenid@ a Urania<\/p><p>En Urania, la astrolog\u00eda y el dise\u00f1o se unen para crear joyas \u00fanicas que te acompa\u00f1an en tu camino de autoconocimiento y transformaci\u00f3n. Cada pulsera es dise\u00f1ada especialmente para ti a partir de tu carta astral, la fotograf\u00eda exacta del cielo en el momento de tu nacimiento.<\/p><p>A partir de tu carta astral, identificamos tus energ\u00edas innatas, tus desaf\u00edos y tu misi\u00f3n de vida. Es aqu\u00ed donde entra la gemoastrolog\u00eda, la disciplina que conecta los astros con las piedras. Seg\u00fan este principio, como es arriba, es abajo: la misma energ\u00eda que una estrella proyecta en el cielo se refleja en la vibraci\u00f3n de una piedra aqu\u00ed en la Tierra. Cada gema tiene una energ\u00eda espec\u00edfica que puede equilibrar aspectos de tu vida, potenciar tus dones y acompa\u00f1arte en tu crecimiento personal.<\/p><p>Siguiendo la antigua sabidur\u00eda del Lapidario de Alfonso X el Sabio, seleccionamos la gema que mejor se conecta contigo y con tu carta astral. Esta piedra no es solo un adorno: act\u00faa como un canal de energ\u00eda que te ayuda a armonizar tus desaf\u00edos y a fortalecer tus capacidades, record\u00e1ndote tu esencia m\u00e1s aut\u00e9ntica.<\/p><p>Tu pulsera Urania es, as\u00ed, mucho m\u00e1s que una joya: es un recordatorio diario de qui\u00e9n eres, cu\u00e1l es tu misi\u00f3n y qu\u00e9 vienes a trabajar en cada escenario de tu vida, acompa\u00f1\u00e1ndote con delicadeza en cada paso de tu camino.<\/p><p>Para que tu pulsera sea verdaderamente \u00fanica y transformadora, necesitamos tu fecha, hora y lugar de nacimiento, para crear tu carta astral con precisi\u00f3n y elegir la piedra que mejor resuene con tu energ\u00eda.<\/p>\t\t\t\t\t\t\t\t<\/div>\n\t\t\t\t<\/div>\n\t\t<div class=\"elementor-element elementor-element-30abf8f e-con-full e-flex e-con e-child\" data-id=\"30abf8f\" data-element_type=\"container\">\n\t\t\t\t<div class=\"elementor-element elementor-element-5c60aab elementor-widget elementor-widget-video\" data-id=\"5c60aab\" data-element_type=\"widget\" data-settings=\"{&quot;video_type&quot;:&quot;hosted&quot;,&quot;play_on_mobile&quot;:&quot;yes&quot;,&quot;autoplay&quot;:&quot;yes&quot;,&quot;controls&quot;:&quot;yes&quot;}\" data-widget_type=\"video.default\">\n\t\t\t\t\t\t\t<div class=\"e-hosted-video elementor-wrapper elementor-open-inline\">\n\t\t\t\t\t<video class=\"elementor-video\" src=\"https:\/\/mayto.com\/shop\/wp-content\/uploads\/2025\/12\/uraniacel.mp4\" autoplay=\"\" controls=\"\" playsinline=\"\" controlsList=\"nodownload\"><\/video>\n\t\t\t\t<\/div>\n\t\t\t\t\t\t<\/div>\n\t\t\t\t<\/div>\n\t\t\t\t\t<\/div>\n\t\t\t\t<\/div>\n\t\t<div class=\"elementor-element elementor-element-7595c42 e-con-full e-flex e-con e-parent\" data-id=\"7595c42\" data-element_type=\"container\">\n\t\t\t\t<div class=\"elementor-element elementor-element-9c4eaf9 elementor-widget elementor-widget-image\" data-id=\"9c4eaf9\" data-element_type=\"widget\" data-widget_type=\"image.default\">\n\t\t\t\t\t\t\t\t\t\t\t\t\t\t\t<img decoding=\"async\" width=\"800\" height=\"727\" src=\"https:\/\/mayto.com\/shop\/wp-content\/uploads\/2025\/12\/urn-9-1024x930.jpg\" class=\"attachment-large size-large wp-image-300\" alt=\"\" srcset=\"https:\/\/mayto.com\/shop\/wp-content\/uploads\/2025\/12\/urn-9-1024x930.jpg 1024w, https:\/\/mayto.com\/shop\/wp-content\/uploads\/2025\/12\/urn-9-scaled-600x545.jpg 600w, https:\/\/mayto.com\/shop\/wp-content\/uploads\/2025\/12\/urn-9-300x272.jpg 300w, https:\/\/mayto.com\/shop\/wp-content\/uploads\/2025\/12\/urn-9-768x697.jpg 768w, https:\/\/mayto.com\/shop\/wp-content\/uploads\/2025\/12\/urn-9-1536x1395.jpg 1536w, https:\/\/mayto.com\/shop\/wp-content\/uploads\/2025\/12\/urn-9-2048x1860.jpg 2048w\" sizes=\"(max-width: 800px) 100vw, 800px\" \/>\t\t\t\t\t\t\t\t\t\t\t\t\t\t\t<\/div>\n\t\t\t\t<\/div>\n\t\t<div class=\"elementor-element elementor-element-f330d90 e-flex e-con-boxed e-con e-parent\" data-id=\"f330d90\" data-element_type=\"container\">\n\t\t\t\t\t<div class=\"e-con-inner\">\n\t\t\t\t<div class=\"elementor-element elementor-element-f2e8d4a animated-slow elementor-invisible elementor-widget elementor-widget-button\" data-id=\"f2e8d4a\" data-element_type=\"widget\" data-settings=\"{&quot;_animation&quot;:&quot;fadeInUp&quot;}\" data-widget_type=\"button.default\">\n\t\t\t\t\t\t\t\t\t\t<a class=\"elementor-button elementor-button-link elementor-size-sm\" href=\"https:\/\/mayto.com\/shop\/product\/pulsera-astral-personalizada-oro-solido-14k\/\">\n\t\t\t\t\t\t<span class=\"elementor-button-content-wrapper\">\n\t\t\t\t\t\t\t\t\t<span class=\"elementor-button-text\">Comprar Pulsera Sol<\/span>\n\t\t\t\t\t<\/span>\n\t\t\t\t\t<\/a>\n\t\t\t\t\t\t\t\t<\/div>\n\t\t\t\t<div class=\"elementor-element elementor-element-93b0717 animated-slow elementor-invisible elementor-widget elementor-widget-button\" data-id=\"93b0717\" data-element_type=\"widget\" data-settings=\"{&quot;_animation&quot;:&quot;fadeInUp&quot;}\" data-widget_type=\"button.default\">\n\t\t\t\t\t\t\t\t\t\t<a class=\"elementor-button elementor-button-link elementor-size-sm\" href=\"https:\/\/mayto.com\/shop\/product\/pulsera-urania-luna-plata\/\">\n\t\t\t\t\t\t<span class=\"elementor-button-content-wrapper\">\n\t\t\t\t\t\t\t\t\t<span class=\"elementor-button-text\">Comprar Pulsera Luna<\/span>\n\t\t\t\t\t<\/span>\n\t\t\t\t\t<\/a>\n\t\t\t\t\t\t\t\t<\/div>\n\t\t\t\t\t<\/div>\n\t\t\t\t<\/div>\n\t\t<div class=\"elementor-element elementor-element-65e6468 e-flex e-con-boxed e-con e-parent\" data-id=\"65e6468\" data-element_type=\"container\">\n\t\t\t\t\t<div class=\"e-con-inner\">\n\t\t<div class=\"elementor-element elementor-element-38555f8 e-con-full e-flex e-con e-child\" data-id=\"38555f8\" data-element_type=\"container\">\n\t\t\t\t<div class=\"elementor-element elementor-element-78a0cd9 elementor-widget elementor-widget-image\" data-id=\"78a0cd9\" data-element_type=\"widget\" data-widget_type=\"image.default\">\n\t\t\t\t\t\t\t\t\t\t\t\t\t\t\t<img decoding=\"async\" width=\"683\" height=\"1024\" src=\"https:\/\/mayto.com\/shop\/wp-content\/uploads\/2025\/12\/urn-1-683x1024.jpg\" class=\"attachment-large size-large wp-image-64\" alt=\"\" srcset=\"https:\/\/mayto.com\/shop\/wp-content\/uploads\/2025\/12\/urn-1-683x1024.jpg 683w, https:\/\/mayto.com\/shop\/wp-content\/uploads\/2025\/12\/urn-1-scaled-600x899.jpg 600w, https:\/\/mayto.com\/shop\/wp-content\/uploads\/2025\/12\/urn-1-200x300.jpg 200w, https:\/\/mayto.com\/shop\/wp-content\/uploads\/2025\/12\/urn-1-768x1151.jpg 768w, https:\/\/mayto.com\/shop\/wp-content\/uploads\/2025\/12\/urn-1-1025x1536.jpg 1025w, https:\/\/mayto.com\/shop\/wp-content\/uploads\/2025\/12\/urn-1-1366x2048.jpg 1366w, https:\/\/mayto.com\/shop\/wp-content\/uploads\/2025\/12\/urn-1-scaled.jpg 1708w\" sizes=\"(max-width: 683px) 100vw, 683px\" \/>\t\t\t\t\t\t\t\t\t\t\t\t\t\t\t<\/div>\n\t\t\t\t<\/div>\n\t\t<div class=\"elementor-element elementor-element-a4b5bd6 e-con-full e-flex e-con e-child\" data-id=\"a4b5bd6\" data-element_type=\"container\">\n\t\t<div class=\"elementor-element elementor-element-ebaa57c e-con-full e-flex e-con e-child\" data-id=\"ebaa57c\" data-element_type=\"container\">\n\t\t\t\t<div class=\"elementor-element elementor-element-9687d23 animated-slow elementor-invisible elementor-widget elementor-widget-text-editor\" data-id=\"9687d23\" data-element_type=\"widget\" data-settings=\"{&quot;_animation&quot;:&quot;fadeInUp&quot;}\" data-widget_type=\"text-editor.default\">\n\t\t\t\t\t\t\t\t\t<p>La pulsera Urania es una <strong>pieza \u00fanica de oro s\u00f3lido de 14 quilates<\/strong>, con tu carta astral en ella . Incluye tu estudio personalizado de gemoastrolog\u00eda y la gema que te corresponde, dise\u00f1ada para acompa\u00f1arte en tu camino de autoconocimiento y en la alineaci\u00f3n con tu misi\u00f3n de vida.<\/p>\t\t\t\t\t\t\t\t<\/div>\n\t\t\t\t<div class=\"elementor-element elementor-element-4239e08 animated-slow elementor-widget__width-initial elementor-invisible elementor-widget elementor-widget-image\" data-id=\"4239e08\" data-element_type=\"widget\" data-settings=\"{&quot;_animation&quot;:&quot;fadeInUp&quot;}\" data-widget_type=\"image.default\">\n\t\t\t\t\t\t\t\t\t\t\t\t\t\t\t<img loading=\"lazy\" decoding=\"async\" width=\"383\" height=\"191\" src=\"https:\/\/mayto.com\/shop\/wp-content\/uploads\/2025\/12\/estrellas2.png\" class=\"attachment-full size-full wp-image-172\" alt=\"\" srcset=\"https:\/\/mayto.com\/shop\/wp-content\/uploads\/2025\/12\/estrellas2.png 383w, https:\/\/mayto.com\/shop\/wp-content\/uploads\/2025\/12\/estrellas2-300x150.png 300w\" sizes=\"(max-width: 383px) 100vw, 383px\" \/>\t\t\t\t\t\t\t\t\t\t\t\t\t\t\t<\/div>\n\t\t\t\t<\/div>\n\t\t\t\t<\/div>\n\t\t<div class=\"elementor-element elementor-element-e010e0e e-con-full e-flex e-con e-child\" data-id=\"e010e0e\" data-element_type=\"container\">\n\t\t\t\t<div class=\"elementor-element elementor-element-6ef9382 elementor-widget elementor-widget-image\" data-id=\"6ef9382\" data-element_type=\"widget\" data-widget_type=\"image.default\">\n\t\t\t\t\t\t\t\t\t\t\t\t\t\t\t<img loading=\"lazy\" decoding=\"async\" width=\"683\" height=\"1024\" src=\"https:\/\/mayto.com\/shop\/wp-content\/uploads\/2025\/12\/urn-2-683x1024.jpg\" class=\"attachment-large size-large wp-image-66\" alt=\"\" srcset=\"https:\/\/mayto.com\/shop\/wp-content\/uploads\/2025\/12\/urn-2-683x1024.jpg 683w, https:\/\/mayto.com\/shop\/wp-content\/uploads\/2025\/12\/urn-2-scaled-600x899.jpg 600w, https:\/\/mayto.com\/shop\/wp-content\/uploads\/2025\/12\/urn-2-200x300.jpg 200w, https:\/\/mayto.com\/shop\/wp-content\/uploads\/2025\/12\/urn-2-768x1151.jpg 768w, https:\/\/mayto.com\/shop\/wp-content\/uploads\/2025\/12\/urn-2-1025x1536.jpg 1025w, https:\/\/mayto.com\/shop\/wp-content\/uploads\/2025\/12\/urn-2-1366x2048.jpg 1366w, https:\/\/mayto.com\/shop\/wp-content\/uploads\/2025\/12\/urn-2-scaled.jpg 1708w\" sizes=\"(max-width: 683px) 100vw, 683px\" \/>\t\t\t\t\t\t\t\t\t\t\t\t\t\t\t<\/div>\n\t\t\t\t<\/div>\n\t\t\t\t\t<\/div>\n\t\t\t\t<\/div>\n\t\t<div class=\"elementor-element elementor-element-fd06be0 e-flex e-con-boxed e-con e-parent\" data-id=\"fd06be0\" data-element_type=\"container\">\n\t\t\t\t\t<div class=\"e-con-inner\">\n\t\t\t\t<div class=\"elementor-element elementor-element-51f80dc animated-slow elementor-invisible elementor-widget elementor-widget-text-editor\" data-id=\"51f80dc\" data-element_type=\"widget\" data-settings=\"{&quot;_animation&quot;:&quot;fadeInUp&quot;}\" data-widget_type=\"text-editor.default\">\n\t\t\t\t\t\t\t\t\t<p>Tu huella digital del universo, en una joya.<\/p>\t\t\t\t\t\t\t\t<\/div>\n\t\t\t\t<div class=\"elementor-element elementor-element-ae25dc8 animated-slow elementor-invisible elementor-widget elementor-widget-button\" data-id=\"ae25dc8\" data-element_type=\"widget\" data-settings=\"{&quot;_animation&quot;:&quot;fadeInUp&quot;}\" data-widget_type=\"button.default\">\n\t\t\t\t\t\t\t\t\t\t<a class=\"elementor-button elementor-button-link elementor-size-sm\" href=\"https:\/\/mayto.com\/shop\/product\/pulsera-astral-personalizada-oro-solido-14k\/\">\n\t\t\t\t\t\t<span class=\"elementor-button-content-wrapper\">\n\t\t\t\t\t\t\t\t\t<span class=\"elementor-button-text\">Comprar Pulsera Sol<\/span>\n\t\t\t\t\t<\/span>\n\t\t\t\t\t<\/a>\n\t\t\t\t\t\t\t\t<\/div>\n\t\t\t\t<div class=\"elementor-element elementor-element-68175e6 animated-slow elementor-invisible elementor-widget elementor-widget-button\" data-id=\"68175e6\" data-element_type=\"widget\" data-settings=\"{&quot;_animation&quot;:&quot;fadeInUp&quot;}\" data-widget_type=\"button.default\">\n\t\t\t\t\t\t\t\t\t\t<a class=\"elementor-button elementor-button-link elementor-size-sm\" href=\"https:\/\/mayto.com\/shop\/product\/pulsera-urania-luna-plata\/\">\n\t\t\t\t\t\t<span class=\"elementor-button-content-wrapper\">\n\t\t\t\t\t\t\t\t\t<span class=\"elementor-button-text\">Comprar Pulsera Luna<\/span>\n\t\t\t\t\t<\/span>\n\t\t\t\t\t<\/a>\n\t\t\t\t\t\t\t\t<\/div>\n\t\t\t\t\t<\/div>\n\t\t\t\t<\/div>\n\t\t<div class=\"elementor-element elementor-element-f9c0f9b e-con-full e-flex e-con e-parent\" data-id=\"f9c0f9b\" data-element_type=\"container\" data-settings=\"{&quot;background_background&quot;:&quot;classic&quot;}\">\n\t\t\t\t<\/div>\n\t\t\t\t<\/div>\n\t\t","protected":false},"excerpt":{"rendered":"<p>Tu huella digital del universo Bienvenid@ a Urania En Urania, la astrolog\u00eda y el dise\u00f1o se unen para crear joyas \u00fanicas que te acompa\u00f1an en tu camino de autoconocimiento y transformaci\u00f3n. Cada pulsera es dise\u00f1ada especialmente para ti a partir de tu carta astral, la fotograf\u00eda exacta del cielo en el momento de tu nacimiento. [&hellip;]<\/p>\n","protected":false},"author":1,"featured_media":0,"parent":0,"menu_order":0,"comment_status":"closed","ping_status":"closed","template":"","meta":{"footnotes":""},"class_list":["post-28","page","type-page","status-publish","hentry"],"_links":{"self":[{"href":"https:\/\/mayto.com\/shop\/wp-json\/wp\/v2\/pages\/28","targetHints":{"allow":["GET"]}}],"collection":[{"href":"https:\/\/mayto.com\/shop\/wp-json\/wp\/v2\/pages"}],"about":[{"href":"https:\/\/mayto.com\/shop\/wp-json\/wp\/v2\/types\/page"}],"author":[{"embeddable":true,"href":"https:\/\/mayto.com\/shop\/wp-json\/wp\/v2\/users\/1"}],"replies":[{"embeddable":true,"href":"https:\/\/mayto.com\/shop\/wp-json\/wp\/v2\/comments?post=28"}],"version-history":[{"count":300,"href":"https:\/\/mayto.com\/shop\/wp-json\/wp\/v2\/pages\/28\/revisions"}],"predecessor-version":[{"id":648,"href":"https:\/\/mayto.com\/shop\/wp-json\/wp\/v2\/pages\/28\/revisions\/648"}],"wp:attachment":[{"href":"https:\/\/mayto.com\/shop\/wp-json\/wp\/v2\/media?parent=28"}],"curies":[{"name":"wp","href":"https:\/\/api.w.org\/{rel}","templated":true}]}}